{"id":1174,"date":"2022-04-13T14:36:38","date_gmt":"2022-04-13T12:36:38","guid":{"rendered":"https:\/\/camillelouyot.fr\/?page_id=1174"},"modified":"2023-01-13T21:15:31","modified_gmt":"2023-01-13T20:15:31","slug":"carte-cadeau","status":"publish","type":"page","link":"https:\/\/camillelouyot.fr\/?page_id=1174","title":{"rendered":"Carte cadeau"},"content":{"rendered":"\t\t<div data-elementor-type=\"wp-page\" data-elementor-id=\"1174\" class=\"elementor elementor-1174\">\n\t\t\t\t\t\t<section class=\"elementor-section elementor-top-section elementor-element elementor-element-81f3fe1 elementor-section-stretched elementor-section-boxed elementor-section-height-default elementor-section-height-default exad-glass-effect-no exad-sticky-section-no\" data-id=\"81f3fe1\" data-element_type=\"section\" data-settings=\"{&quot;background_background&quot;:&quot;classic&quot;,&quot;stretch_section&quot;:&quot;section-stretched&quot;}\">\n\t\t\t\t\t\t<div class=\"elementor-container elementor-column-gap-default\">\n\t\t\t\t\t<div class=\"elementor-column elementor-col-100 elementor-top-column elementor-element elementor-element-0ed7b10 exad-glass-effect-no exad-sticky-section-no\" data-id=\"0ed7b10\" data-element_type=\"column\">\n\t\t\t<div class=\"elementor-widget-wrap elementor-element-populated\">\n\t\t\t\t\t\t<div class=\"elementor-element elementor-element-cb7c2a8 exad-sticky-section-no exad-glass-effect-no elementor-widget elementor-widget-image\" data-id=\"cb7c2a8\" data-element_type=\"widget\" data-widget_type=\"image.default\">\n\t\t\t\t<div class=\"elementor-widget-container\">\n\t\t\t\t\t\t\t\t\t\t\t\t\t\t\t<img fetchpriority=\"high\" decoding=\"async\" width=\"840\" height=\"320\" src=\"https:\/\/camillelouyot.fr\/wp-content\/uploads\/2022\/04\/Pe\u0302che-Serif-Feuilles-vintage-Amour-Mariage-Facebook-Couverture-1024x390.png\" class=\"attachment-large size-large wp-image-1178\" alt=\"\" srcset=\"https:\/\/camillelouyot.fr\/wp-content\/uploads\/2022\/04\/Pe\u0302che-Serif-Feuilles-vintage-Amour-Mariage-Facebook-Couverture-1024x390.png 1024w, https:\/\/camillelouyot.fr\/wp-content\/uploads\/2022\/04\/Pe\u0302che-Serif-Feuilles-vintage-Amour-Mariage-Facebook-Couverture-300x114.png 300w, https:\/\/camillelouyot.fr\/wp-content\/uploads\/2022\/04\/Pe\u0302che-Serif-Feuilles-vintage-Amour-Mariage-Facebook-Couverture-768x292.png 768w, https:\/\/camillelouyot.fr\/wp-content\/uploads\/2022\/04\/Pe\u0302che-Serif-Feuilles-vintage-Amour-Mariage-Facebook-Couverture-1536x584.png 1536w, https:\/\/camillelouyot.fr\/wp-content\/uploads\/2022\/04\/Pe\u0302che-Serif-Feuilles-vintage-Amour-Mariage-Facebook-Couverture-2048x779.png 2048w, https:\/\/camillelouyot.fr\/wp-content\/uploads\/2022\/04\/Pe\u0302che-Serif-Feuilles-vintage-Amour-Mariage-Facebook-Couverture-158x60.png 158w\" sizes=\"(max-width: 840px) 100vw, 840px\" \/>\t\t\t\t\t\t\t\t\t\t\t\t\t\t\t<\/div>\n\t\t\t\t<\/div>\n\t\t\t\t\t<\/div>\n\t\t<\/div>\n\t\t\t\t\t<\/div>\n\t\t<\/section>\n\t\t\t\t<section class=\"elementor-section elementor-top-section elementor-element elementor-element-a5b2113 elementor-section-stretched elementor-section-boxed elementor-section-height-default elementor-section-height-default exad-glass-effect-no exad-sticky-section-no\" data-id=\"a5b2113\" data-element_type=\"section\" data-settings=\"{&quot;stretch_section&quot;:&quot;section-stretched&quot;,&quot;background_background&quot;:&quot;classic&quot;}\">\n\t\t\t\t\t\t<div class=\"elementor-container elementor-column-gap-default\">\n\t\t\t\t\t<div class=\"elementor-column elementor-col-100 elementor-top-column elementor-element elementor-element-b4105ef exad-glass-effect-no exad-sticky-section-no\" data-id=\"b4105ef\" data-element_type=\"column\">\n\t\t\t<div class=\"elementor-widget-wrap elementor-element-populated\">\n\t\t\t\t\t\t<div class=\"elementor-element elementor-element-5a16562 exad-sticky-section-no exad-glass-effect-no elementor-widget elementor-widget-spacer\" data-id=\"5a16562\" data-element_type=\"widget\" data-widget_type=\"spacer.default\">\n\t\t\t\t<div class=\"elementor-widget-container\">\n\t\t\t\t\t\t\t<div class=\"elementor-spacer\">\n\t\t\t<div class=\"elementor-spacer-inner\"><\/div>\n\t\t<\/div>\n\t\t\t\t\t\t<\/div>\n\t\t\t\t<\/div>\n\t\t\t\t<div class=\"elementor-element elementor-element-a435bd7 exad-sticky-section-no exad-glass-effect-no elementor-widget elementor-widget-heading\" data-id=\"a435bd7\" data-element_type=\"widget\" data-widget_type=\"heading.default\">\n\t\t\t\t<div class=\"elementor-widget-container\">\n\t\t\t\t\t<h2 class=\"elementor-heading-title elementor-size-default\">Offrez des souvenirs !<\/h2>\t\t\t\t<\/div>\n\t\t\t\t<\/div>\n\t\t\t\t<div class=\"elementor-element elementor-element-ad9f7fc exad-sticky-section-no exad-glass-effect-no elementor-widget elementor-widget-spacer\" data-id=\"ad9f7fc\" data-element_type=\"widget\" data-widget_type=\"spacer.default\">\n\t\t\t\t<div class=\"elementor-widget-container\">\n\t\t\t\t\t\t\t<div class=\"elementor-spacer\">\n\t\t\t<div class=\"elementor-spacer-inner\"><\/div>\n\t\t<\/div>\n\t\t\t\t\t\t<\/div>\n\t\t\t\t<\/div>\n\t\t\t\t\t<\/div>\n\t\t<\/div>\n\t\t\t\t\t<\/div>\n\t\t<\/section>\n\t\t\t\t<section class=\"elementor-section elementor-top-section elementor-element elementor-element-f2de1b0 elementor-section-stretched elementor-section-boxed elementor-section-height-default elementor-section-height-default exad-glass-effect-no exad-sticky-section-no\" data-id=\"f2de1b0\" data-element_type=\"section\" data-settings=\"{&quot;background_background&quot;:&quot;classic&quot;,&quot;stretch_section&quot;:&quot;section-stretched&quot;}\">\n\t\t\t\t\t\t<div class=\"elementor-container elementor-column-gap-default\">\n\t\t\t\t\t<div class=\"elementor-column elementor-col-100 elementor-top-column elementor-element elementor-element-013d368 exad-glass-effect-no exad-sticky-section-no\" data-id=\"013d368\" data-element_type=\"column\">\n\t\t\t<div class=\"elementor-widget-wrap elementor-element-populated\">\n\t\t\t\t\t\t<div class=\"elementor-element elementor-element-0725676 exad-sticky-section-no exad-glass-effect-no elementor-widget elementor-widget-text-editor\" data-id=\"0725676\" data-element_type=\"widget\" data-widget_type=\"text-editor.default\">\n\t\t\t\t<div class=\"elementor-widget-container\">\n\t\t\t\t\t\t\t\t\t<p>Une id\u00e9e de cadeau originale ! Choisissez le type de s\u00e9ance photo ou la formule que vous souhaitez offrir,\u00a0 et faites plaisir.<\/p>\t\t\t\t\t\t\t\t<\/div>\n\t\t\t\t<\/div>\n\t\t\t\t<div class=\"elementor-element elementor-element-63946a3 exad-sticky-section-no exad-glass-effect-no elementor-widget elementor-widget-text-editor\" data-id=\"63946a3\" data-element_type=\"widget\" data-widget_type=\"text-editor.default\">\n\t\t\t\t<div class=\"elementor-widget-container\">\n\t\t\t\t\t\t\t\t\t<p>La carte cadeau est valable un an, et sur tout type de prestation. Elle peut correspondre \u00e0 une formule pr\u00e9cise ou \u00e0 un montant libre qui pourra \u00eatre compl\u00e9t\u00e9 ensuite si besoin. Pour b\u00e9n\u00e9ficier de la carte cadeau, la personne n&rsquo;aura qu&rsquo;\u00e0 me contacter, nous pourrons alors convenir d&rsquo;une date et d&rsquo;un lieu. Pour toute question ou r\u00e9servation de carte cadeau, contactez moi par t\u00e9l\u00e9phone, mail, ou vous pouvez directement remplir le formulaire ci-dessous.&nbsp;<\/p>\t\t\t\t\t\t\t\t<\/div>\n\t\t\t\t<\/div>\n\t\t\t\t\t<\/div>\n\t\t<\/div>\n\t\t\t\t\t<\/div>\n\t\t<\/section>\n\t\t\t\t<section class=\"elementor-section elementor-top-section elementor-element elementor-element-cd44d50 elementor-section-boxed elementor-section-height-default elementor-section-height-default exad-glass-effect-no exad-sticky-section-no\" data-id=\"cd44d50\" data-element_type=\"section\">\n\t\t\t\t\t\t<div class=\"elementor-container elementor-column-gap-default\">\n\t\t\t\t\t<div class=\"elementor-column elementor-col-100 elementor-top-column elementor-element elementor-element-f09d540 exad-glass-effect-no exad-sticky-section-no\" data-id=\"f09d540\" data-element_type=\"column\">\n\t\t\t<div class=\"elementor-widget-wrap\">\n\t\t\t\t\t\t\t<\/div>\n\t\t<\/div>\n\t\t\t\t\t<\/div>\n\t\t<\/section>\n\t\t\t\t<section class=\"elementor-section elementor-top-section elementor-element elementor-element-aebeea7 elementor-section-boxed elementor-section-height-default elementor-section-height-default exad-glass-effect-no exad-sticky-section-no\" data-id=\"aebeea7\" data-element_type=\"section\">\n\t\t\t\t\t\t<div class=\"elementor-container elementor-column-gap-default\">\n\t\t\t\t\t<div class=\"elementor-column elementor-col-100 elementor-top-column elementor-element elementor-element-7005a57 exad-glass-effect-no exad-sticky-section-no\" data-id=\"7005a57\" data-element_type=\"column\">\n\t\t\t<div class=\"elementor-widget-wrap elementor-element-populated\">\n\t\t\t\t\t\t<div class=\"elementor-element elementor-element-110eabe exad-sticky-section-no exad-glass-effect-no elementor-widget elementor-widget-content_form_contact\" data-id=\"110eabe\" data-element_type=\"widget\" data-widget_type=\"content_form_contact.default\">\n\t\t\t\t<div class=\"elementor-widget-container\">\n\t\t\t\t\t<form action=\"https:\/\/camillelouyot.fr\/wp-admin\/admin-post.php\" method=\"post\" name=\"content-form-110eabe\" id=\"content-form-110eabe\" class=\"ti-cf-module content-form content-form-contact content_form_contact\"><input type=\"hidden\" id=\"_wpnonce_contact\" name=\"_wpnonce_contact\" value=\"bb5ab029fc\" \/><input type=\"hidden\" name=\"_wp_http_referer\" value=\"\/index.php?rest_route=%2Fwp%2Fv2%2Fpages%2F1174\" \/><input type=\"hidden\" name=\"action\" value=\"content_form_submit\" \/><input type=\"hidden\" name=\"form-type\" value=\"contact\" \/><input type=\"hidden\" name=\"form-builder\" value=\"elementor\" \/><input type=\"hidden\" name=\"post-id\" value=\"1174\" \/><input type=\"hidden\" name=\"form-id\" value=\"110eabe\" \/><fieldset class=&quot;content-form-field-text elementor-column elementor-col-100&quot;><label for=\"data[110eabe][name]\" >Nom\/Pr\u00e9nom <span class=\"required-mark\"> *<\/span><\/label><input type=\"text\" name=\"data[110eabe][name]\" id=\"data[110eabe][name]\" required=required  placeholder=\"Nom\"><\/fieldset><fieldset class=&quot;content-form-field-email elementor-column elementor-col-100&quot;><label for=\"data[110eabe][email]\" >Email<span class=\"required-mark\"> *<\/span><\/label><input type=\"text\" name=\"data[110eabe][email]\" id=\"data[110eabe][email]\" required=required  placeholder=\"Email\"><\/fieldset><fieldset class=&quot;content-form-field-number elementor-column elementor-col-100&quot;><label for=\"data[110eabe][phone]\" >T\u00e9l\u00e9phone<\/label><input type=\"text\" name=\"data[110eabe][phone]\" id=\"data[110eabe][phone]\"   placeholder=\"T\u00e9l\u00e9phone\"><\/fieldset><fieldset class=&quot;content-form-field-text elementor-column elementor-col-100&quot;><label for=\"data[110eabe][de-la-part-de]\" >\"De la part de\"<\/label><input type=\"text\" name=\"data[110eabe][de-la-part-de]\" id=\"data[110eabe][de-la-part-de]\"   placeholder=\"Nom de la personne qui offre\"><\/fieldset><fieldset class=&quot;content-form-field-text elementor-column elementor-col-100&quot;><label for=\"data[110eabe][pour]\" >\"Pour\" <\/label><input type=\"text\" name=\"data[110eabe][pour]\" id=\"data[110eabe][pour]\"   placeholder=\"Nom de la personne qui re\u00e7oit\"><\/fieldset><fieldset class=&quot;content-form-field-text elementor-column elementor-col-100&quot;><label for=\"data[110eabe][type-de-prestation-ou-montant-a-offrir]\" >Type de prestation ou montant \u00e0 offrir <\/label><input type=\"text\" name=\"data[110eabe][type-de-prestation-ou-montant-a-offrir]\" id=\"data[110eabe][type-de-prestation-ou-montant-a-offrir]\"   placeholder=\"\"><\/fieldset><fieldset class=&quot;content-form-field-textarea elementor-column elementor-col-100&quot;><label for=\"data[110eabe][message]\" >Message<\/label><textarea name=\"data[110eabe][message]\" id=\"data[110eabe][message]\"   placeholder=\"Message\" cols=\"30\" rows=\"5\"><\/textarea><\/fieldset><fieldset class=\"submit-form contact\"><button type=\"submit\" name=\"submit\"  value=\"submit-contact-110eabe\" class=\"\">Envoyer<\/button><\/fieldset><\/form>\t\t\t\t<\/div>\n\t\t\t\t<\/div>\n\t\t\t\t\t<\/div>\n\t\t<\/div>\n\t\t\t\t\t<\/div>\n\t\t<\/section>\n\t\t\t\t<\/div>\n\t\t","protected":false},"excerpt":{"rendered":"<p>Offrez des souvenirs ! Une id\u00e9e de cadeau originale ! Choisissez le type de s\u00e9ance photo ou la formule que vous souhaitez offrir,\u00a0 et faites &hellip; <\/p>\n","protected":false},"author":1,"featured_media":0,"parent":0,"menu_order":0,"comment_status":"closed","ping_status":"closed","template":"","meta":{"footnotes":""},"yoast_head":"<!-- This site is optimized with the Yoast SEO plugin v24.5 - https:\/\/yoast.com\/wordpress\/plugins\/seo\/ -->\n<title>Carte cadeau photographe Nancy<\/title>\n<meta name=\"description\" content=\"Offrez un cadeau original avec la carte cadeau. Offrez une s\u00e9ance photo sur la prestation de votre choix ! Camille Louyot photographe \u00e0 Nancy\" \/>\n<meta name=\"robots\" content=\"index, follow, max-snippet:-1, max-image-preview:large, max-video-preview:-1\" \/>\n<link rel=\"canonical\" href=\"https:\/\/camillelouyot.fr\/?page_id=1174\" \/>\n<meta property=\"og:locale\" content=\"fr_FR\" \/>\n<meta property=\"og:type\" content=\"article\" \/>\n<meta property=\"og:title\" content=\"Carte cadeau photographe Nancy\" \/>\n<meta property=\"og:description\" content=\"Offrez un cadeau original avec la carte cadeau. Offrez une s\u00e9ance photo sur la prestation de votre choix ! Camille Louyot photographe \u00e0 Nancy\" \/>\n<meta property=\"og:url\" content=\"https:\/\/camillelouyot.fr\/?page_id=1174\" \/>\n<meta property=\"og:site_name\" content=\"Camille Louyot\" \/>\n<meta property=\"article:modified_time\" content=\"2023-01-13T20:15:31+00:00\" \/>\n<meta name=\"twitter:card\" content=\"summary_large_image\" \/>\n<meta name=\"twitter:label1\" content=\"Dur\u00e9e de lecture estim\u00e9e\" \/>\n\t<meta name=\"twitter:data1\" content=\"1 minute\" \/>\n<script type=\"application\/ld+json\" class=\"yoast-schema-graph\">{\"@context\":\"https:\/\/schema.org\",\"@graph\":[{\"@type\":\"WebPage\",\"@id\":\"https:\/\/camillelouyot.fr\/?page_id=1174\",\"url\":\"https:\/\/camillelouyot.fr\/?page_id=1174\",\"name\":\"Carte cadeau photographe Nancy\",\"isPartOf\":{\"@id\":\"https:\/\/camillelouyot.fr\/#website\"},\"datePublished\":\"2022-04-13T12:36:38+00:00\",\"dateModified\":\"2023-01-13T20:15:31+00:00\",\"description\":\"Offrez un cadeau original avec la carte cadeau. Offrez une s\u00e9ance photo sur la prestation de votre choix ! Camille Louyot photographe \u00e0 Nancy\",\"breadcrumb\":{\"@id\":\"https:\/\/camillelouyot.fr\/?page_id=1174#breadcrumb\"},\"inLanguage\":\"fr-FR\",\"potentialAction\":[{\"@type\":\"ReadAction\",\"target\":[\"https:\/\/camillelouyot.fr\/?page_id=1174\"]}]},{\"@type\":\"BreadcrumbList\",\"@id\":\"https:\/\/camillelouyot.fr\/?page_id=1174#breadcrumb\",\"itemListElement\":[{\"@type\":\"ListItem\",\"position\":1,\"name\":\"Accueil\",\"item\":\"https:\/\/camillelouyot.fr\/\"},{\"@type\":\"ListItem\",\"position\":2,\"name\":\"Carte cadeau\"}]},{\"@type\":\"WebSite\",\"@id\":\"https:\/\/camillelouyot.fr\/#website\",\"url\":\"https:\/\/camillelouyot.fr\/\",\"name\":\"Camille Louyot\",\"description\":\"Photographe\",\"publisher\":{\"@id\":\"https:\/\/camillelouyot.fr\/#organization\"},\"potentialAction\":[{\"@type\":\"SearchAction\",\"target\":{\"@type\":\"EntryPoint\",\"urlTemplate\":\"https:\/\/camillelouyot.fr\/?s={search_term_string}\"},\"query-input\":{\"@type\":\"PropertyValueSpecification\",\"valueRequired\":true,\"valueName\":\"search_term_string\"}}],\"inLanguage\":\"fr-FR\"},{\"@type\":\"Organization\",\"@id\":\"https:\/\/camillelouyot.fr\/#organization\",\"name\":\"Camille Louyot\",\"url\":\"https:\/\/camillelouyot.fr\/\",\"logo\":{\"@type\":\"ImageObject\",\"inLanguage\":\"fr-FR\",\"@id\":\"https:\/\/camillelouyot.fr\/#\/schema\/logo\/image\/\",\"url\":\"https:\/\/camillelouyot.fr\/wp-content\/uploads\/2022\/01\/cropped-Noir-et-Blanc-Simple-Entreprise-Logo-1.png\",\"contentUrl\":\"https:\/\/camillelouyot.fr\/wp-content\/uploads\/2022\/01\/cropped-Noir-et-Blanc-Simple-Entreprise-Logo-1.png\",\"width\":463,\"height\":465,\"caption\":\"Camille Louyot\"},\"image\":{\"@id\":\"https:\/\/camillelouyot.fr\/#\/schema\/logo\/image\/\"}}]}<\/script>\n<!-- \/ Yoast SEO plugin. -->","yoast_head_json":{"title":"Carte cadeau photographe Nancy","description":"Offrez un cadeau original avec la carte cadeau. Offrez une s\u00e9ance photo sur la prestation de votre choix ! Camille Louyot photographe \u00e0 Nancy","robots":{"index":"index","follow":"follow","max-snippet":"max-snippet:-1","max-image-preview":"max-image-preview:large","max-video-preview":"max-video-preview:-1"},"canonical":"https:\/\/camillelouyot.fr\/?page_id=1174","og_locale":"fr_FR","og_type":"article","og_title":"Carte cadeau photographe Nancy","og_description":"Offrez un cadeau original avec la carte cadeau. Offrez une s\u00e9ance photo sur la prestation de votre choix ! Camille Louyot photographe \u00e0 Nancy","og_url":"https:\/\/camillelouyot.fr\/?page_id=1174","og_site_name":"Camille Louyot","article_modified_time":"2023-01-13T20:15:31+00:00","twitter_card":"summary_large_image","twitter_misc":{"Dur\u00e9e de lecture estim\u00e9e":"1 minute"},"schema":{"@context":"https:\/\/schema.org","@graph":[{"@type":"WebPage","@id":"https:\/\/camillelouyot.fr\/?page_id=1174","url":"https:\/\/camillelouyot.fr\/?page_id=1174","name":"Carte cadeau photographe Nancy","isPartOf":{"@id":"https:\/\/camillelouyot.fr\/#website"},"datePublished":"2022-04-13T12:36:38+00:00","dateModified":"2023-01-13T20:15:31+00:00","description":"Offrez un cadeau original avec la carte cadeau. Offrez une s\u00e9ance photo sur la prestation de votre choix ! Camille Louyot photographe \u00e0 Nancy","breadcrumb":{"@id":"https:\/\/camillelouyot.fr\/?page_id=1174#breadcrumb"},"inLanguage":"fr-FR","potentialAction":[{"@type":"ReadAction","target":["https:\/\/camillelouyot.fr\/?page_id=1174"]}]},{"@type":"BreadcrumbList","@id":"https:\/\/camillelouyot.fr\/?page_id=1174#breadcrumb","itemListElement":[{"@type":"ListItem","position":1,"name":"Accueil","item":"https:\/\/camillelouyot.fr\/"},{"@type":"ListItem","position":2,"name":"Carte cadeau"}]},{"@type":"WebSite","@id":"https:\/\/camillelouyot.fr\/#website","url":"https:\/\/camillelouyot.fr\/","name":"Camille Louyot","description":"Photographe","publisher":{"@id":"https:\/\/camillelouyot.fr\/#organization"},"potentialAction":[{"@type":"SearchAction","target":{"@type":"EntryPoint","urlTemplate":"https:\/\/camillelouyot.fr\/?s={search_term_string}"},"query-input":{"@type":"PropertyValueSpecification","valueRequired":true,"valueName":"search_term_string"}}],"inLanguage":"fr-FR"},{"@type":"Organization","@id":"https:\/\/camillelouyot.fr\/#organization","name":"Camille Louyot","url":"https:\/\/camillelouyot.fr\/","logo":{"@type":"ImageObject","inLanguage":"fr-FR","@id":"https:\/\/camillelouyot.fr\/#\/schema\/logo\/image\/","url":"https:\/\/camillelouyot.fr\/wp-content\/uploads\/2022\/01\/cropped-Noir-et-Blanc-Simple-Entreprise-Logo-1.png","contentUrl":"https:\/\/camillelouyot.fr\/wp-content\/uploads\/2022\/01\/cropped-Noir-et-Blanc-Simple-Entreprise-Logo-1.png","width":463,"height":465,"caption":"Camille Louyot"},"image":{"@id":"https:\/\/camillelouyot.fr\/#\/schema\/logo\/image\/"}}]}},"_links":{"self":[{"href":"https:\/\/camillelouyot.fr\/index.php?rest_route=\/wp\/v2\/pages\/1174"}],"collection":[{"href":"https:\/\/camillelouyot.fr\/index.php?rest_route=\/wp\/v2\/pages"}],"about":[{"href":"https:\/\/camillelouyot.fr\/index.php?rest_route=\/wp\/v2\/types\/page"}],"author":[{"embeddable":true,"href":"https:\/\/camillelouyot.fr\/index.php?rest_route=\/wp\/v2\/users\/1"}],"replies":[{"embeddable":true,"href":"https:\/\/camillelouyot.fr\/index.php?rest_route=%2Fwp%2Fv2%2Fcomments&post=1174"}],"version-history":[{"count":35,"href":"https:\/\/camillelouyot.fr\/index.php?rest_route=\/wp\/v2\/pages\/1174\/revisions"}],"predecessor-version":[{"id":2706,"href":"https:\/\/camillelouyot.fr\/index.php?rest_route=\/wp\/v2\/pages\/1174\/revisions\/2706"}],"wp:attachment":[{"href":"https:\/\/camillelouyot.fr\/index.php?rest_route=%2Fwp%2Fv2%2Fmedia&parent=1174"}],"curies":[{"name":"wp","href":"https:\/\/api.w.org\/{rel}","templated":true}]}}