{"id":1224,"date":"2022-04-14T19:03:13","date_gmt":"2022-04-14T17:03:13","guid":{"rendered":"https:\/\/camillelouyot.fr\/?page_id=1224"},"modified":"2023-07-17T15:22:59","modified_gmt":"2023-07-17T13:22:59","slug":"espace-client-camille-louyot","status":"publish","type":"page","link":"https:\/\/camillelouyot.fr\/?page_id=1224","title":{"rendered":"Vos photos"},"content":{"rendered":"\t\t<div data-elementor-type=\"wp-page\" data-elementor-id=\"1224\" class=\"elementor elementor-1224\">\n\t\t\t\t\t\t<section class=\"elementor-section elementor-top-section elementor-element elementor-element-1add5b9 elementor-section-stretched elementor-section-boxed elementor-section-height-default elementor-section-height-default exad-glass-effect-no exad-sticky-section-no\" data-id=\"1add5b9\" data-element_type=\"section\" data-settings=\"{&quot;stretch_section&quot;:&quot;section-stretched&quot;}\">\n\t\t\t\t\t\t<div class=\"elementor-container elementor-column-gap-default\">\n\t\t\t\t\t<div class=\"elementor-column elementor-col-100 elementor-top-column elementor-element elementor-element-d95d440 exad-glass-effect-no exad-sticky-section-no\" data-id=\"d95d440\" data-element_type=\"column\">\n\t\t\t<div class=\"elementor-widget-wrap elementor-element-populated\">\n\t\t\t\t\t\t<div class=\"elementor-element elementor-element-5c6ff13 exad-sticky-section-no exad-glass-effect-no elementor-widget elementor-widget-text-editor\" data-id=\"5c6ff13\" data-element_type=\"widget\" data-widget_type=\"text-editor.default\">\n\t\t\t\t<div class=\"elementor-widget-container\">\n\t\t\t\t\t\t\t\t\t<p>Voici votre espace priv\u00e9 pour d\u00e9couvrir vos photos.\u00a0<\/p><p>J&rsquo;en profite pour vous demander un avis\u00a0<a href=\"https:\/\/www.google.fr\/search?q=%0D%0Acamille+louyot&amp;sxsrf=APwXEddnihTgQatQ01ebwqY9kRwkZKlcVQ%3A1687336180918&amp;source=hp&amp;ei=9LSSZPzjNZqfkdUP4qyN0A8&amp;iflsig=AOEireoAAAAAZJLDBLSgAOV5D1pDoEww7Tt0nIsY3st5&amp;ved=0ahUKEwj8rbaN-dP_AhWaT6QEHWJWA_oQ4dUDCAk&amp;uact=5&amp;oq=%0D%0Acamille+louyot&amp;gs_lcp=Cgdnd3Mtd2l6EANQAFgAYABoAHAAeACAAQCIAQCSAQCYAQCgAQE&amp;sclient=gws-wiz#lrd=0x871349925c63e37f:0x33956bb62004a948,1,,,,\" target=\"_blank\" rel=\"noopener\"><span style=\"text-decoration: underline;\"><b>google<\/b><\/span>\u00a0<\/a>sur votre s\u00e9ance et votre exp\u00e9rience \u00e0 mes c\u00f4t\u00e9s. Comment \u00e7a s&rsquo;est pass\u00e9 ?\u00a0<\/p><p>Si il s&rsquo;agit de vos photos de mariage, vous pouvez aussi donner votre avis\u00a0<strong><a href=\"https:\/\/www.mariages.net\/shared\/rate\/268297\" target=\"_blank\" rel=\"noopener\"><span style=\"text-decoration: underline;\">ici<\/span>.<\/a><\/strong><\/p><p>Merci !<\/p>\t\t\t\t\t\t\t\t<\/div>\n\t\t\t\t<\/div>\n\t\t\t\t<div class=\"elementor-element elementor-element-224d69c exad-sticky-section-no exad-glass-effect-no elementor-widget elementor-widget-text-editor\" data-id=\"224d69c\" data-element_type=\"widget\" data-widget_type=\"text-editor.default\">\n\t\t\t\t<div class=\"elementor-widget-container\">\n\t\t\t\t\t\t\t\t\t<div id=\"jingooGallery\"><\/div><script type=\"text\/javascript\">(function(i,s,o,g,r,a,m){i['JingooGalleryObject']=r;i[r]=i[r]||function(){(i[r].q=i[r].q||[]).push(arguments)},i[r].l=1*new Date();a=s.createElement(o),m=s.getElementsByTagName(o)[0];a.async=1;a.src=g;m.parentNode.insertBefore(a,m)})(window,document,'script',\"https:\/\/www.jingoo.com\/api\/accesDistant\/Am4DZQNRU2AJblMnUjpVNAJ3UzddflE6CmYAalo1AG8EMwc0V2xUOAg1VHJSNFUwA3AFaVRoUD0KPgQ\/CzhZdwJzA1MDZFN4CW5TIVIh.js\",'JingooGalleryLoader');<\/script>\t\t\t\t\t\t\t\t<\/div>\n\t\t\t\t<\/div>\n\t\t\t\t\t<\/div>\n\t\t<\/div>\n\t\t\t\t\t<\/div>\n\t\t<\/section>\n\t\t\t\t<\/div>\n\t\t","protected":false},"excerpt":{"rendered":"<p>Voici votre espace priv\u00e9 pour d\u00e9couvrir vos photos.\u00a0 J&rsquo;en profite pour vous demander un avis\u00a0google\u00a0sur votre s\u00e9ance et votre exp\u00e9rience \u00e0 mes c\u00f4t\u00e9s. Comment \u00e7a &hellip; <\/p>\n","protected":false},"author":1,"featured_media":0,"parent":0,"menu_order":0,"comment_status":"closed","ping_status":"closed","template":"","meta":{"footnotes":""},"yoast_head":"<!-- This site is optimized with the Yoast SEO plugin v24.5 - https:\/\/yoast.com\/wordpress\/plugins\/seo\/ -->\n<title>Espace client Camille Louyot photographe<\/title>\n<meta name=\"description\" content=\"Votre acc\u00e8s \u00e0 votre espace client pour visionner vos galeries priv\u00e9es et t\u00e9l\u00e9charger vos photos, Camille Louyot photographe\" \/>\n<meta name=\"robots\" content=\"index, follow, max-snippet:-1, max-image-preview:large, max-video-preview:-1\" \/>\n<link rel=\"canonical\" href=\"https:\/\/camillelouyot.fr\/?page_id=1224\" \/>\n<meta property=\"og:locale\" content=\"fr_FR\" \/>\n<meta property=\"og:type\" content=\"article\" \/>\n<meta property=\"og:title\" content=\"Espace client Camille Louyot photographe\" \/>\n<meta property=\"og:description\" content=\"Votre acc\u00e8s \u00e0 votre espace client pour visionner vos galeries priv\u00e9es et t\u00e9l\u00e9charger vos photos, Camille Louyot photographe\" \/>\n<meta property=\"og:url\" content=\"https:\/\/camillelouyot.fr\/?page_id=1224\" \/>\n<meta property=\"og:site_name\" content=\"Camille Louyot\" \/>\n<meta property=\"article:modified_time\" content=\"2023-07-17T13:22:59+00:00\" \/>\n<meta name=\"twitter:card\" content=\"summary_large_image\" \/>\n<meta name=\"twitter:label1\" content=\"Dur\u00e9e de lecture estim\u00e9e\" \/>\n\t<meta name=\"twitter:data1\" content=\"3 minutes\" \/>\n<script type=\"application\/ld+json\" class=\"yoast-schema-graph\">{\"@context\":\"https:\/\/schema.org\",\"@graph\":[{\"@type\":\"WebPage\",\"@id\":\"https:\/\/camillelouyot.fr\/?page_id=1224\",\"url\":\"https:\/\/camillelouyot.fr\/?page_id=1224\",\"name\":\"Espace client Camille Louyot photographe\",\"isPartOf\":{\"@id\":\"https:\/\/camillelouyot.fr\/#website\"},\"datePublished\":\"2022-04-14T17:03:13+00:00\",\"dateModified\":\"2023-07-17T13:22:59+00:00\",\"description\":\"Votre acc\u00e8s \u00e0 votre espace client pour visionner vos galeries priv\u00e9es et t\u00e9l\u00e9charger vos photos, Camille Louyot photographe\",\"breadcrumb\":{\"@id\":\"https:\/\/camillelouyot.fr\/?page_id=1224#breadcrumb\"},\"inLanguage\":\"fr-FR\",\"potentialAction\":[{\"@type\":\"ReadAction\",\"target\":[\"https:\/\/camillelouyot.fr\/?page_id=1224\"]}]},{\"@type\":\"BreadcrumbList\",\"@id\":\"https:\/\/camillelouyot.fr\/?page_id=1224#breadcrumb\",\"itemListElement\":[{\"@type\":\"ListItem\",\"position\":1,\"name\":\"Accueil\",\"item\":\"https:\/\/camillelouyot.fr\/\"},{\"@type\":\"ListItem\",\"position\":2,\"name\":\"Vos photos\"}]},{\"@type\":\"WebSite\",\"@id\":\"https:\/\/camillelouyot.fr\/#website\",\"url\":\"https:\/\/camillelouyot.fr\/\",\"name\":\"Camille Louyot\",\"description\":\"Photographe\",\"publisher\":{\"@id\":\"https:\/\/camillelouyot.fr\/#organization\"},\"potentialAction\":[{\"@type\":\"SearchAction\",\"target\":{\"@type\":\"EntryPoint\",\"urlTemplate\":\"https:\/\/camillelouyot.fr\/?s={search_term_string}\"},\"query-input\":{\"@type\":\"PropertyValueSpecification\",\"valueRequired\":true,\"valueName\":\"search_term_string\"}}],\"inLanguage\":\"fr-FR\"},{\"@type\":\"Organization\",\"@id\":\"https:\/\/camillelouyot.fr\/#organization\",\"name\":\"Camille Louyot\",\"url\":\"https:\/\/camillelouyot.fr\/\",\"logo\":{\"@type\":\"ImageObject\",\"inLanguage\":\"fr-FR\",\"@id\":\"https:\/\/camillelouyot.fr\/#\/schema\/logo\/image\/\",\"url\":\"https:\/\/camillelouyot.fr\/wp-content\/uploads\/2022\/01\/cropped-Noir-et-Blanc-Simple-Entreprise-Logo-1.png\",\"contentUrl\":\"https:\/\/camillelouyot.fr\/wp-content\/uploads\/2022\/01\/cropped-Noir-et-Blanc-Simple-Entreprise-Logo-1.png\",\"width\":463,\"height\":465,\"caption\":\"Camille Louyot\"},\"image\":{\"@id\":\"https:\/\/camillelouyot.fr\/#\/schema\/logo\/image\/\"}}]}<\/script>\n<!-- \/ Yoast SEO plugin. -->","yoast_head_json":{"title":"Espace client Camille Louyot photographe","description":"Votre acc\u00e8s \u00e0 votre espace client pour visionner vos galeries priv\u00e9es et t\u00e9l\u00e9charger vos photos, Camille Louyot photographe","robots":{"index":"index","follow":"follow","max-snippet":"max-snippet:-1","max-image-preview":"max-image-preview:large","max-video-preview":"max-video-preview:-1"},"canonical":"https:\/\/camillelouyot.fr\/?page_id=1224","og_locale":"fr_FR","og_type":"article","og_title":"Espace client Camille Louyot photographe","og_description":"Votre acc\u00e8s \u00e0 votre espace client pour visionner vos galeries priv\u00e9es et t\u00e9l\u00e9charger vos photos, Camille Louyot photographe","og_url":"https:\/\/camillelouyot.fr\/?page_id=1224","og_site_name":"Camille Louyot","article_modified_time":"2023-07-17T13:22:59+00:00","twitter_card":"summary_large_image","twitter_misc":{"Dur\u00e9e de lecture estim\u00e9e":"3 minutes"},"schema":{"@context":"https:\/\/schema.org","@graph":[{"@type":"WebPage","@id":"https:\/\/camillelouyot.fr\/?page_id=1224","url":"https:\/\/camillelouyot.fr\/?page_id=1224","name":"Espace client Camille Louyot photographe","isPartOf":{"@id":"https:\/\/camillelouyot.fr\/#website"},"datePublished":"2022-04-14T17:03:13+00:00","dateModified":"2023-07-17T13:22:59+00:00","description":"Votre acc\u00e8s \u00e0 votre espace client pour visionner vos galeries priv\u00e9es et t\u00e9l\u00e9charger vos photos, Camille Louyot photographe","breadcrumb":{"@id":"https:\/\/camillelouyot.fr\/?page_id=1224#breadcrumb"},"inLanguage":"fr-FR","potentialAction":[{"@type":"ReadAction","target":["https:\/\/camillelouyot.fr\/?page_id=1224"]}]},{"@type":"BreadcrumbList","@id":"https:\/\/camillelouyot.fr\/?page_id=1224#breadcrumb","itemListElement":[{"@type":"ListItem","position":1,"name":"Accueil","item":"https:\/\/camillelouyot.fr\/"},{"@type":"ListItem","position":2,"name":"Vos photos"}]},{"@type":"WebSite","@id":"https:\/\/camillelouyot.fr\/#website","url":"https:\/\/camillelouyot.fr\/","name":"Camille Louyot","description":"Photographe","publisher":{"@id":"https:\/\/camillelouyot.fr\/#organization"},"potentialAction":[{"@type":"SearchAction","target":{"@type":"EntryPoint","urlTemplate":"https:\/\/camillelouyot.fr\/?s={search_term_string}"},"query-input":{"@type":"PropertyValueSpecification","valueRequired":true,"valueName":"search_term_string"}}],"inLanguage":"fr-FR"},{"@type":"Organization","@id":"https:\/\/camillelouyot.fr\/#organization","name":"Camille Louyot","url":"https:\/\/camillelouyot.fr\/","logo":{"@type":"ImageObject","inLanguage":"fr-FR","@id":"https:\/\/camillelouyot.fr\/#\/schema\/logo\/image\/","url":"https:\/\/camillelouyot.fr\/wp-content\/uploads\/2022\/01\/cropped-Noir-et-Blanc-Simple-Entreprise-Logo-1.png","contentUrl":"https:\/\/camillelouyot.fr\/wp-content\/uploads\/2022\/01\/cropped-Noir-et-Blanc-Simple-Entreprise-Logo-1.png","width":463,"height":465,"caption":"Camille Louyot"},"image":{"@id":"https:\/\/camillelouyot.fr\/#\/schema\/logo\/image\/"}}]}},"_links":{"self":[{"href":"https:\/\/camillelouyot.fr\/index.php?rest_route=\/wp\/v2\/pages\/1224"}],"collection":[{"href":"https:\/\/camillelouyot.fr\/index.php?rest_route=\/wp\/v2\/pages"}],"about":[{"href":"https:\/\/camillelouyot.fr\/index.php?rest_route=\/wp\/v2\/types\/page"}],"author":[{"embeddable":true,"href":"https:\/\/camillelouyot.fr\/index.php?rest_route=\/wp\/v2\/users\/1"}],"replies":[{"embeddable":true,"href":"https:\/\/camillelouyot.fr\/index.php?rest_route=%2Fwp%2Fv2%2Fcomments&post=1224"}],"version-history":[{"count":41,"href":"https:\/\/camillelouyot.fr\/index.php?rest_route=\/wp\/v2\/pages\/1224\/revisions"}],"predecessor-version":[{"id":2793,"href":"https:\/\/camillelouyot.fr\/index.php?rest_route=\/wp\/v2\/pages\/1224\/revisions\/2793"}],"wp:attachment":[{"href":"https:\/\/camillelouyot.fr\/index.php?rest_route=%2Fwp%2Fv2%2Fmedia&parent=1224"}],"curies":[{"name":"wp","href":"https:\/\/api.w.org\/{rel}","templated":true}]}}